{"id":160,"date":"2025-11-06T18:37:42","date_gmt":"2025-11-06T17:37:42","guid":{"rendered":"https:\/\/sveapartners.pl\/?page_id=160"},"modified":"2025-11-10T10:07:21","modified_gmt":"2025-11-10T09:07:21","slug":"strona-glowna","status":"publish","type":"page","link":"https:\/\/sveapartners.pl\/","title":{"rendered":"Strona g\u0142\u00f3wna"},"content":{"rendered":"\t\t<div data-elementor-type=\"wp-page\" data-elementor-id=\"160\" class=\"elementor elementor-160\">\n\t\t\t\t<div class=\"elementor-element elementor-element-c6bb0db e-con-full e-flex e-con e-parent\" data-id=\"c6bb0db\" data-element_type=\"container\" data-e-type=\"container\">\n\t\t<div class=\"elementor-element elementor-element-d776297 e-con-full e-flex e-con e-child\" data-id=\"d776297\" data-element_type=\"container\" data-e-type=\"container\" data-settings=\"{&quot;background_background&quot;:&quot;slideshow&quot;,&quot;background_slideshow_gallery&quot;:[{&quot;id&quot;:69,&quot;url&quot;:&quot;https:\\\/\\\/sveapartners.pl\\\/wp-content\\\/uploads\\\/2025\\\/10\\\/ChatGPT-Image-31-paz-2025-21_16_39.png&quot;}],&quot;background_slideshow_loop&quot;:&quot;yes&quot;,&quot;background_slideshow_slide_duration&quot;:5000,&quot;background_slideshow_slide_transition&quot;:&quot;fade&quot;,&quot;background_slideshow_transition_duration&quot;:500}\">\n\t\t\t\t<\/div>\n\t\t<div class=\"elementor-element elementor-element-5050168 e-con-full e-flex e-con e-child\" data-id=\"5050168\" data-element_type=\"container\" data-e-type=\"container\" data-settings=\"{&quot;background_background&quot;:&quot;slideshow&quot;,&quot;background_slideshow_gallery&quot;:[{&quot;id&quot;:65,&quot;url&quot;:&quot;https:\\\/\\\/sveapartners.pl\\\/wp-content\\\/uploads\\\/2025\\\/10\\\/ChatGPT-Image-31-paz-2025-21_18_50.png&quot;}],&quot;background_slideshow_loop&quot;:&quot;yes&quot;,&quot;background_slideshow_slide_duration&quot;:5000,&quot;background_slideshow_slide_transition&quot;:&quot;fade&quot;,&quot;background_slideshow_transition_duration&quot;:500}\">\n\t\t\t\t<div class=\"elementor-element elementor-element-0f78ebf elementor-widget elementor-widget-heading\" data-id=\"0f78ebf\" data-element_type=\"widget\" data-e-type=\"widget\" data-widget_type=\"heading.default\">\n\t\t\t\t\t<h6 class=\"elementor-heading-title elementor-size-default\">Wejdziemy, zrobimy, oddamy gotowe.<\/h6>\t\t\t\t<\/div>\n\t\t\t\t<div class=\"elementor-element elementor-element-2d827d1 elementor-widget elementor-widget-heading\" data-id=\"2d827d1\" data-element_type=\"widget\" data-e-type=\"widget\" data-widget_type=\"heading.default\">\n\t\t\t\t\t<h2 class=\"elementor-heading-title elementor-size-default\"><h1 class=\"elementor-heading-title elementor-size-default elementor-inline-editing pen\" data-elementor-setting-key=\"title\" data-pen-placeholder=\"Pisz tutaj...\" style=\"font-family: Roboto, sans-serif;font-weight: 700;font-size: 56px\">SVEA PARTNERS<\/h1><span style=\"font-size: 32px;font-weight: 600;text-align: start\">Termin. Jako\u015b\u0107. Efekt.<\/span><\/h2>\t\t\t\t<\/div>\n\t\t\t\t<div class=\"elementor-element elementor-element-4ce2ee3 elementor-widget elementor-widget-text-editor\" data-id=\"4ce2ee3\" data-element_type=\"widget\" data-e-type=\"widget\" data-widget_type=\"text-editor.default\">\n\t\t\t\t\t\t\t\t\t<p><span style=\"color: #d5d5d5;\">\u0141\u0105czymy techniczn\u0105 precyzj\u0119 z nowoczesnym stylem i rzetelno\u015bci\u0105 wykonania.<\/span><br style=\"color: #d5d5d5;\" \/><span style=\"color: #d5d5d5;\">Specjalizujemy si\u0119 w modernizacjach oraz kompleksowych wyko\u0144czeniach du\u017cych obiekt\u00f3w komercyjnych<\/span><br style=\"color: #d5d5d5;\" \/><span style=\"color: #d5d5d5;\">i inwestycji infrastrukturalnych. Ka\u017cdy projekt prowadzimy z dba\u0142o\u015bci\u0105 o detale, terminy i wysok\u0105 jako\u015b\u0107 \u2014 tworz\u0105c przestrzenie, kt\u00f3re \u0142\u0105cz\u0105 funkcjonalno\u015b\u0107 z estetyk\u0105.<\/span><\/p><p>Nigdy nie wyst\u0119pujemy jako podwykonawca.<\/p>\t\t\t\t\t\t\t\t<\/div>\n\t\t<div class=\"elementor-element elementor-element-0fb6bf3 e-con-full e-flex e-con e-child\" data-id=\"0fb6bf3\" data-element_type=\"container\" data-e-type=\"container\">\n\t\t<div class=\"elementor-element elementor-element-5905186 e-grid e-con-full e-con e-child\" data-id=\"5905186\" data-element_type=\"container\" data-e-type=\"container\">\n\t\t\t\t<div class=\"elementor-element elementor-element-fc647c8 elementor-button-info Array elementor-align-center elementor-widget elementor-widget-button\" data-id=\"fc647c8\" data-element_type=\"widget\" data-e-type=\"widget\" data-widget_type=\"button.default\">\n\t\t\t\t\t\t\t\t\t\t<a class=\"elementor-button elementor-button-link elementor-size-lg\" href=\"#onas\">\n\t\t\t\t\t\t<span class=\"elementor-button-content-wrapper\">\n\t\t\t\t\t\t\t\t\t<span class=\"elementor-button-text\">POZNAJ NAS<\/span>\n\t\t\t\t\t<\/span>\n\t\t\t\t\t<\/a>\n\t\t\t\t\t\t\t\t<\/div>\n\t\t\t\t<div class=\"elementor-element elementor-element-0a45b81 elementor-button-link Array elementor-align-left elementor-widget elementor-widget-button\" data-id=\"0a45b81\" data-element_type=\"widget\" data-e-type=\"widget\" data-widget_type=\"button.default\">\n\t\t\t\t\t\t\t\t\t\t<a class=\"elementor-button elementor-button-link elementor-size-lg\" href=\"#kontakt\">\n\t\t\t\t\t\t<span class=\"elementor-button-content-wrapper\">\n\t\t\t\t\t\t\t\t\t<span class=\"elementor-button-text\">KONTAKT<\/span>\n\t\t\t\t\t<\/span>\n\t\t\t\t\t<\/a>\n\t\t\t\t\t\t\t\t<\/div>\n\t\t\t\t<\/div>\n\t\t\t\t<\/div>\n\t\t\t\t<\/div>\n\t\t<div class=\"elementor-element elementor-element-7e287bf e-con-full e-flex e-con e-child\" data-id=\"7e287bf\" data-element_type=\"container\" data-e-type=\"container\" data-settings=\"{&quot;background_background&quot;:&quot;slideshow&quot;,&quot;background_slideshow_gallery&quot;:[{&quot;id&quot;:68,&quot;url&quot;:&quot;https:\\\/\\\/sveapartners.pl\\\/wp-content\\\/uploads\\\/2025\\\/10\\\/ChatGPT-Image-31-paz-2025-21_26_50.png&quot;}],&quot;background_slideshow_loop&quot;:&quot;yes&quot;,&quot;background_slideshow_slide_duration&quot;:5000,&quot;background_slideshow_slide_transition&quot;:&quot;fade&quot;,&quot;background_slideshow_transition_duration&quot;:500}\">\n\t\t\t\t<\/div>\n\t\t\t\t<\/div>\n\t\t<div class=\"elementor-element elementor-element-1d6f6c5 e-flex e-con-boxed e-con e-parent\" data-id=\"1d6f6c5\" data-element_type=\"container\" data-e-type=\"container\">\n\t\t\t\t\t<div class=\"e-con-inner\">\n\t\t\t\t<div class=\"elementor-element elementor-element-5658127 elementor-widget elementor-widget-heading\" data-id=\"5658127\" data-element_type=\"widget\" data-e-type=\"widget\" data-widget_type=\"heading.default\">\n\t\t\t\t\t<h2 class=\"elementor-heading-title elementor-size-default\"><span style=\"font-size: 20px\">NASZE DO\u015aWIADCZENIE CI POMO\u017bE<\/span><span style=\"font-size: 20px\"><\/span><\/h2>\t\t\t\t<\/div>\n\t\t\t\t<div class=\"elementor-element elementor-element-f6072b3 elementor-widget elementor-widget-heading\" data-id=\"f6072b3\" data-element_type=\"widget\" data-e-type=\"widget\" data-widget_type=\"heading.default\">\n\t\t\t\t\t<h2 class=\"elementor-heading-title elementor-size-default\">OM\u00d3W Z NAMI SZCZEG\u00d3\u0141Y<\/h2>\t\t\t\t<\/div>\n\t\t\t\t<div class=\"elementor-element elementor-element-e814dc2 elementor-widget-divider--view-line elementor-widget elementor-widget-divider\" data-id=\"e814dc2\" data-element_type=\"widget\" data-e-type=\"widget\" data-widget_type=\"divider.default\">\n\t\t\t\t\t\t\t<div class=\"elementor-divider\">\n\t\t\t<span class=\"elementor-divider-separator\">\n\t\t\t\t\t\t<\/span>\n\t\t<\/div>\n\t\t\t\t\t\t<\/div>\n\t\t\t\t\t<\/div>\n\t\t\t\t<\/div>\n\t\t<div class=\"elementor-element elementor-element-3653ca2 e-con-full e-flex e-con e-parent\" data-id=\"3653ca2\" data-element_type=\"container\" data-e-type=\"container\" data-settings=\"{&quot;background_background&quot;:&quot;classic&quot;}\">\n\t\t<div class=\"elementor-element elementor-element-4a843fd e-con-full e-flex e-con e-child\" data-id=\"4a843fd\" data-element_type=\"container\" data-e-type=\"container\" data-settings=\"{&quot;background_background&quot;:&quot;slideshow&quot;,&quot;background_slideshow_gallery&quot;:[{&quot;id&quot;:70,&quot;url&quot;:&quot;https:\\\/\\\/sveapartners.pl\\\/wp-content\\\/uploads\\\/2025\\\/10\\\/ChatGPT-Image-31-paz-2025-21_36_22.png&quot;}],&quot;background_slideshow_loop&quot;:&quot;yes&quot;,&quot;background_slideshow_slide_duration&quot;:5000,&quot;background_slideshow_slide_transition&quot;:&quot;fade&quot;,&quot;background_slideshow_transition_duration&quot;:500}\">\n\t\t\t\t<\/div>\n\t\t<div class=\"elementor-element elementor-element-c9b3056 e-con-full e-flex e-con e-child\" data-id=\"c9b3056\" data-element_type=\"container\" data-e-type=\"container\" data-settings=\"{&quot;background_background&quot;:&quot;classic&quot;}\">\n\t\t\t\t<div class=\"elementor-element elementor-element-3fa39ba Array elementor-widget elementor-widget-heading\" data-id=\"3fa39ba\" data-element_type=\"widget\" data-e-type=\"widget\" data-widget_type=\"heading.default\">\n\t\t\t\t\t<h2 class=\"elementor-heading-title elementor-size-default\">ZOBACZ, JAK ZAMIENIAMY PROJEKTY W EFEKTY<\/h2>\t\t\t\t<\/div>\n\t\t\t\t<div class=\"elementor-element elementor-element-d83d6aa elementor-widget elementor-widget-text-editor\" data-id=\"d83d6aa\" data-element_type=\"widget\" data-e-type=\"widget\" data-widget_type=\"text-editor.default\">\n\t\t\t\t\t\t\t\t\t<p>W Svea Partners stawiamy na rzetelno\u015b\u0107 i jako\u015b\u0107 na ka\u017cdym etapie realizacji.<br \/>Nasze projekty to remonty i modernizacje du\u017cych obiekt\u00f3w komercyjnych, biurowych i przemys\u0142owych \u2014<br \/>cz\u0119sto prowadzone w czynnych budynkach, bez przestoj\u00f3w i zak\u0142\u00f3ce\u0144 pracy inwestora.<br \/>Zobacz, jak wygl\u0105da nasza praca w praktyce \u2014 od pierwszego etapu po gotowy efekt.<\/p>\t\t\t\t\t\t\t\t<\/div>\n\t\t\t\t<div class=\"elementor-element elementor-element-2d94513 Array elementor-widget elementor-widget-button\" data-id=\"2d94513\" data-element_type=\"widget\" data-e-type=\"widget\" data-widget_type=\"button.default\">\n\t\t\t\t\t\t\t\t\t\t<a class=\"elementor-button elementor-button-link elementor-size-md\" href=\"\/realizacje\">\n\t\t\t\t\t\t<span class=\"elementor-button-content-wrapper\">\n\t\t\t\t\t\t\t\t\t<span class=\"elementor-button-text\">SPRAWDZAM<\/span>\n\t\t\t\t\t<\/span>\n\t\t\t\t\t<\/a>\n\t\t\t\t\t\t\t\t<\/div>\n\t\t\t\t<\/div>\n\t\t\t\t<\/div>\n\t\t\t\t<\/div>\n\t\t","protected":false},"excerpt":{"rendered":"<p>Wejdziemy, zrobimy, oddamy gotowe. SVEA PARTNERS Termin. Jako\u015b\u0107. Efekt. \u0141\u0105czymy techniczn\u0105 precyzj\u0119 z nowoczesnym stylem i rzetelno\u015bci\u0105 wykonania.Specjalizujemy si\u0119 w modernizacjach oraz kompleksowych wyko\u0144czeniach du\u017cych obiekt\u00f3w komercyjnychi inwestycji infrastrukturalnych. Ka\u017cdy projekt prowadzimy z dba\u0142o\u015bci\u0105 o detale, terminy i wysok\u0105 jako\u015b\u0107 \u2014 tworz\u0105c przestrzenie, kt\u00f3re \u0142\u0105cz\u0105 funkcjonalno\u015b\u0107 z estetyk\u0105. Nigdy nie wyst\u0119pujemy jako podwykonawca. POZNAJ NAS [&hellip;]<\/p>\n","protected":false},"author":1,"featured_media":0,"parent":0,"menu_order":0,"comment_status":"closed","ping_status":"closed","template":"","meta":{"footnotes":""},"class_list":["post-160","page","type-page","status-publish","hentry"],"yoast_head":"<!-- This site is optimized with the Yoast SEO plugin v27.4 - https:\/\/yoast.com\/product\/yoast-seo-wordpress\/ -->\n<title>Strona g\u0142\u00f3wna - Svea Partners<\/title>\n<meta name=\"robots\" content=\"index, follow, max-snippet:-1, max-image-preview:large, max-video-preview:-1\" \/>\n<link rel=\"canonical\" href=\"https:\/\/sveapartners.pl\/\" \/>\n<meta property=\"og:locale\" content=\"pl_PL\" \/>\n<meta property=\"og:type\" content=\"article\" \/>\n<meta property=\"og:title\" content=\"Strona g\u0142\u00f3wna - Svea Partners\" \/>\n<meta property=\"og:description\" content=\"Wejdziemy, zrobimy, oddamy gotowe. SVEA PARTNERS Termin. Jako\u015b\u0107. Efekt. \u0141\u0105czymy techniczn\u0105 precyzj\u0119 z nowoczesnym stylem i rzetelno\u015bci\u0105 wykonania.Specjalizujemy si\u0119 w modernizacjach oraz kompleksowych wyko\u0144czeniach du\u017cych obiekt\u00f3w komercyjnychi inwestycji infrastrukturalnych. Ka\u017cdy projekt prowadzimy z dba\u0142o\u015bci\u0105 o detale, terminy i wysok\u0105 jako\u015b\u0107 \u2014 tworz\u0105c przestrzenie, kt\u00f3re \u0142\u0105cz\u0105 funkcjonalno\u015b\u0107 z estetyk\u0105. Nigdy nie wyst\u0119pujemy jako podwykonawca. POZNAJ NAS [&hellip;]\" \/>\n<meta property=\"og:url\" content=\"https:\/\/sveapartners.pl\/\" \/>\n<meta property=\"og:site_name\" content=\"Svea Partners\" \/>\n<meta property=\"article:modified_time\" content=\"2025-11-10T09:07:21+00:00\" \/>\n<meta name=\"twitter:card\" content=\"summary_large_image\" \/>\n<meta name=\"twitter:label1\" content=\"Szacowany czas czytania\" \/>\n\t<meta name=\"twitter:data1\" content=\"1 minuta\" \/>\n<script type=\"application\/ld+json\" class=\"yoast-schema-graph\">{\"@context\":\"https:\\\/\\\/schema.org\",\"@graph\":[{\"@type\":\"WebPage\",\"@id\":\"https:\\\/\\\/sveapartners.pl\\\/\",\"url\":\"https:\\\/\\\/sveapartners.pl\\\/\",\"name\":\"Strona g\u0142\u00f3wna - Svea Partners\",\"isPartOf\":{\"@id\":\"https:\\\/\\\/sveapartners.pl\\\/#website\"},\"datePublished\":\"2025-11-06T17:37:42+00:00\",\"dateModified\":\"2025-11-10T09:07:21+00:00\",\"breadcrumb\":{\"@id\":\"https:\\\/\\\/sveapartners.pl\\\/#breadcrumb\"},\"inLanguage\":\"pl-PL\",\"potentialAction\":[{\"@type\":\"ReadAction\",\"target\":[\"https:\\\/\\\/sveapartners.pl\\\/\"]}]},{\"@type\":\"BreadcrumbList\",\"@id\":\"https:\\\/\\\/sveapartners.pl\\\/#breadcrumb\",\"itemListElement\":[{\"@type\":\"ListItem\",\"position\":1,\"name\":\"Strona g\u0142\u00f3wna\",\"item\":\"https:\\\/\\\/sveapartners.pl\\\/\"},{\"@type\":\"ListItem\",\"position\":2,\"name\":\"Strona g\u0142\u00f3wna\"}]},{\"@type\":\"WebSite\",\"@id\":\"https:\\\/\\\/sveapartners.pl\\\/#website\",\"url\":\"https:\\\/\\\/sveapartners.pl\\\/\",\"name\":\"Svea Partners\",\"description\":\"Generalny wykonawca projekt\u00f3w komercyjnych\",\"publisher\":{\"@id\":\"https:\\\/\\\/sveapartners.pl\\\/#organization\"},\"potentialAction\":[{\"@type\":\"SearchAction\",\"target\":{\"@type\":\"EntryPoint\",\"urlTemplate\":\"https:\\\/\\\/sveapartners.pl\\\/?s={search_term_string}\"},\"query-input\":{\"@type\":\"PropertyValueSpecification\",\"valueRequired\":true,\"valueName\":\"search_term_string\"}}],\"inLanguage\":\"pl-PL\"},{\"@type\":\"Organization\",\"@id\":\"https:\\\/\\\/sveapartners.pl\\\/#organization\",\"name\":\"Svea Partners Sp. z o.o.\",\"url\":\"https:\\\/\\\/sveapartners.pl\\\/\",\"logo\":{\"@type\":\"ImageObject\",\"inLanguage\":\"pl-PL\",\"@id\":\"https:\\\/\\\/sveapartners.pl\\\/#\\\/schema\\\/logo\\\/image\\\/\",\"url\":\"https:\\\/\\\/sveapartners.pl\\\/wp-content\\\/uploads\\\/2025\\\/10\\\/ChatGPT-Image-14-paz-2025-12_36_04.png\",\"contentUrl\":\"https:\\\/\\\/sveapartners.pl\\\/wp-content\\\/uploads\\\/2025\\\/10\\\/ChatGPT-Image-14-paz-2025-12_36_04.png\",\"width\":1024,\"height\":1024,\"caption\":\"Svea Partners Sp. z o.o.\"},\"image\":{\"@id\":\"https:\\\/\\\/sveapartners.pl\\\/#\\\/schema\\\/logo\\\/image\\\/\"}}]}<\/script>\n<!-- \/ Yoast SEO plugin. -->","yoast_head_json":{"title":"Strona g\u0142\u00f3wna - Svea Partners","robots":{"index":"index","follow":"follow","max-snippet":"max-snippet:-1","max-image-preview":"max-image-preview:large","max-video-preview":"max-video-preview:-1"},"canonical":"https:\/\/sveapartners.pl\/","og_locale":"pl_PL","og_type":"article","og_title":"Strona g\u0142\u00f3wna - Svea Partners","og_description":"Wejdziemy, zrobimy, oddamy gotowe. SVEA PARTNERS Termin. Jako\u015b\u0107. Efekt. \u0141\u0105czymy techniczn\u0105 precyzj\u0119 z nowoczesnym stylem i rzetelno\u015bci\u0105 wykonania.Specjalizujemy si\u0119 w modernizacjach oraz kompleksowych wyko\u0144czeniach du\u017cych obiekt\u00f3w komercyjnychi inwestycji infrastrukturalnych. Ka\u017cdy projekt prowadzimy z dba\u0142o\u015bci\u0105 o detale, terminy i wysok\u0105 jako\u015b\u0107 \u2014 tworz\u0105c przestrzenie, kt\u00f3re \u0142\u0105cz\u0105 funkcjonalno\u015b\u0107 z estetyk\u0105. Nigdy nie wyst\u0119pujemy jako podwykonawca. POZNAJ NAS [&hellip;]","og_url":"https:\/\/sveapartners.pl\/","og_site_name":"Svea Partners","article_modified_time":"2025-11-10T09:07:21+00:00","twitter_card":"summary_large_image","twitter_misc":{"Szacowany czas czytania":"1 minuta"},"schema":{"@context":"https:\/\/schema.org","@graph":[{"@type":"WebPage","@id":"https:\/\/sveapartners.pl\/","url":"https:\/\/sveapartners.pl\/","name":"Strona g\u0142\u00f3wna - Svea Partners","isPartOf":{"@id":"https:\/\/sveapartners.pl\/#website"},"datePublished":"2025-11-06T17:37:42+00:00","dateModified":"2025-11-10T09:07:21+00:00","breadcrumb":{"@id":"https:\/\/sveapartners.pl\/#breadcrumb"},"inLanguage":"pl-PL","potentialAction":[{"@type":"ReadAction","target":["https:\/\/sveapartners.pl\/"]}]},{"@type":"BreadcrumbList","@id":"https:\/\/sveapartners.pl\/#breadcrumb","itemListElement":[{"@type":"ListItem","position":1,"name":"Strona g\u0142\u00f3wna","item":"https:\/\/sveapartners.pl\/"},{"@type":"ListItem","position":2,"name":"Strona g\u0142\u00f3wna"}]},{"@type":"WebSite","@id":"https:\/\/sveapartners.pl\/#website","url":"https:\/\/sveapartners.pl\/","name":"Svea Partners","description":"Generalny wykonawca projekt\u00f3w komercyjnych","publisher":{"@id":"https:\/\/sveapartners.pl\/#organization"},"potentialAction":[{"@type":"SearchAction","target":{"@type":"EntryPoint","urlTemplate":"https:\/\/sveapartners.pl\/?s={search_term_string}"},"query-input":{"@type":"PropertyValueSpecification","valueRequired":true,"valueName":"search_term_string"}}],"inLanguage":"pl-PL"},{"@type":"Organization","@id":"https:\/\/sveapartners.pl\/#organization","name":"Svea Partners Sp. z o.o.","url":"https:\/\/sveapartners.pl\/","logo":{"@type":"ImageObject","inLanguage":"pl-PL","@id":"https:\/\/sveapartners.pl\/#\/schema\/logo\/image\/","url":"https:\/\/sveapartners.pl\/wp-content\/uploads\/2025\/10\/ChatGPT-Image-14-paz-2025-12_36_04.png","contentUrl":"https:\/\/sveapartners.pl\/wp-content\/uploads\/2025\/10\/ChatGPT-Image-14-paz-2025-12_36_04.png","width":1024,"height":1024,"caption":"Svea Partners Sp. z o.o."},"image":{"@id":"https:\/\/sveapartners.pl\/#\/schema\/logo\/image\/"}}]}},"_links":{"self":[{"href":"https:\/\/sveapartners.pl\/index.php?rest_route=\/wp\/v2\/pages\/160","targetHints":{"allow":["GET"]}}],"collection":[{"href":"https:\/\/sveapartners.pl\/index.php?rest_route=\/wp\/v2\/pages"}],"about":[{"href":"https:\/\/sveapartners.pl\/index.php?rest_route=\/wp\/v2\/types\/page"}],"author":[{"embeddable":true,"href":"https:\/\/sveapartners.pl\/index.php?rest_route=\/wp\/v2\/users\/1"}],"replies":[{"embeddable":true,"href":"https:\/\/sveapartners.pl\/index.php?rest_route=%2Fwp%2Fv2%2Fcomments&post=160"}],"version-history":[{"count":10,"href":"https:\/\/sveapartners.pl\/index.php?rest_route=\/wp\/v2\/pages\/160\/revisions"}],"predecessor-version":[{"id":185,"href":"https:\/\/sveapartners.pl\/index.php?rest_route=\/wp\/v2\/pages\/160\/revisions\/185"}],"wp:attachment":[{"href":"https:\/\/sveapartners.pl\/index.php?rest_route=%2Fwp%2Fv2%2Fmedia&parent=160"}],"curies":[{"name":"wp","href":"https:\/\/api.w.org\/{rel}","templated":true}]}}